{"id":37,"date":"2020-01-24T11:07:09","date_gmt":"2020-01-24T11:07:09","guid":{"rendered":"https:\/\/spiele-ohne-esel.de\/?page_id=37"},"modified":"2021-01-25T16:09:37","modified_gmt":"2021-01-25T16:09:37","slug":"startseite","status":"publish","type":"page","link":"https:\/\/spiele-ohne-esel.de\/","title":{"rendered":"\u00dcber uns"},"content":{"rendered":"\n<p>Dies ist eine kleine aber feine Homepage \u00fcber das Kleinunternehmen &#8222;Spiele ohne Esel&#8220;. Seit 2015 wurden bisher drei Gesellschaftsspiele entwickelt. Dabei wurde nicht auf Gewinnmaximierung sondern auf Nachhaltigkeit gesetzt. Die Spiele werden &#8211; wenn m\u00f6glich &#8211; ohne zus\u00e4tzliche Verpackung hergestellt. Die Nutzung von Kunststoff ist so gering wie m\u00f6glich. Die Spiele werdet ihr nicht auf Plattformen wie Amazon finden, da wir auf lokalen Vertrieb setzen. <\/p>\n\n\n\n<p>Seit 2019 wird eng mit der Werkstatt f\u00fcr Behinderte Menschen aus Dalle zusammengearbeitet (WLG Dalle), von denen wir das aktuelle Spiel &#8222;Schdix&#8220; produzieren lassen. Aufgrund der gro\u00dfen Nachfrage muss das Spiel Schdix dort vorbestellt werden. (Hilfreiche Links: siehe unten). <\/p>\n","protected":false},"excerpt":{"rendered":"<p>Dies ist eine kleine aber feine Homepage \u00fcber das Kleinunternehmen &#8222;Spiele ohne Esel&#8220;. Seit 2015 wurden bisher drei Gesellschaftsspiele entwickelt. Dabei wurde nicht auf Gewinnmaximierung sondern auf Nachhaltigkeit gesetzt. Die Spiele werden &#8211; wenn m\u00f6glich &#8211; ohne zus\u00e4tzliche Verpackung hergestellt. Die Nutzung von Kunststoff ist so gering wie m\u00f6glich. Die Spiele werdet ihr nicht auf &hellip; <\/p>\n<p class=\"link-more\"><a href=\"https:\/\/spiele-ohne-esel.de\/\" class=\"more-link\"><span class=\"screen-reader-text\">\u201e\u00dcber uns\u201c<\/span> weiterlesen<\/a><\/p>\n","protected":false},"author":1,"featured_media":0,"parent":0,"menu_order":0,"comment_status":"closed","ping_status":"closed","template":"","meta":[],"_links":{"self":[{"href":"https:\/\/spiele-ohne-esel.de\/index.php\/wp-json\/wp\/v2\/pages\/37"}],"collection":[{"href":"https:\/\/spiele-ohne-esel.de\/index.php\/wp-json\/wp\/v2\/pages"}],"about":[{"href":"https:\/\/spiele-ohne-esel.de\/index.php\/wp-json\/wp\/v2\/types\/page"}],"author":[{"embeddable":true,"href":"https:\/\/spiele-ohne-esel.de\/index.php\/wp-json\/wp\/v2\/users\/1"}],"replies":[{"embeddable":true,"href":"https:\/\/spiele-ohne-esel.de\/index.php\/wp-json\/wp\/v2\/comments?post=37"}],"version-history":[{"count":3,"href":"https:\/\/spiele-ohne-esel.de\/index.php\/wp-json\/wp\/v2\/pages\/37\/revisions"}],"predecessor-version":[{"id":119,"href":"https:\/\/spiele-ohne-esel.de\/index.php\/wp-json\/wp\/v2\/pages\/37\/revisions\/119"}],"wp:attachment":[{"href":"https:\/\/spiele-ohne-esel.de\/index.php\/wp-json\/wp\/v2\/media?parent=37"}],"curies":[{"name":"wp","href":"https:\/\/api.w.org\/{rel}","templated":true}]}}